{"id":2289,"date":"2022-10-25T14:17:37","date_gmt":"2022-10-25T14:17:37","guid":{"rendered":"https:\/\/luchadoresviales.mx\/?page_id=2289"},"modified":"2025-09-10T19:53:25","modified_gmt":"2025-09-10T19:53:25","slug":"mapa-ciclista","status":"publish","type":"page","link":"https:\/\/luchadoresviales.zapopan.gob.mx\/?page_id=2289","title":{"rendered":"Mapa Ciclista"},"content":{"rendered":"<p>[et_pb_section fb_built=&#8221;1&#8243; _builder_version=&#8221;4.18.0&#8243; _module_preset=&#8221;default&#8221; custom_padding=&#8221;0px||0px|||&#8221; global_colors_info=&#8221;{}&#8221;][et_pb_row _builder_version=&#8221;4.18.0&#8243; _module_preset=&#8221;default&#8221; global_colors_info=&#8221;{}&#8221;][et_pb_column type=&#8221;4_4&#8243; _builder_version=&#8221;4.18.0&#8243; _module_preset=&#8221;default&#8221; global_colors_info=&#8221;{}&#8221;][et_pb_image src=&#8221;https:\/\/luchadoresviales.zapopan.gob.mx\/wp-content\/uploads\/2024\/04\/mapaciclista.svg&#8221; title_text=&#8221;mapaciclista&#8221; align=&#8221;center&#8221; _builder_version=&#8221;4.23.1&#8243; _module_preset=&#8221;default&#8221; width=&#8221;45%&#8221; max_width=&#8221;45%&#8221; global_colors_info=&#8221;{}&#8221;][\/et_pb_image][\/et_pb_column][\/et_pb_row][\/et_pb_section][et_pb_section fb_built=&#8221;1&#8243; _builder_version=&#8221;4.18.0&#8243; _module_preset=&#8221;default&#8221; custom_padding=&#8221;0px||0px|||&#8221; global_colors_info=&#8221;{}&#8221;][et_pb_row _builder_version=&#8221;4.18.0&#8243; _module_preset=&#8221;default&#8221; global_colors_info=&#8221;{}&#8221;][et_pb_column type=&#8221;4_4&#8243; _builder_version=&#8221;4.18.0&#8243; _module_preset=&#8221;default&#8221; global_colors_info=&#8221;{}&#8221;][et_pb_text _builder_version=&#8221;4.23.1&#8243; _module_preset=&#8221;default&#8221; text_font=&#8221;IsidoraMendium|500|||||||&#8221; text_text_color=&#8221;#000000&#8243; text_font_size=&#8221;2.4em&#8221; text_line_height=&#8221;1.2em&#8221; global_colors_info=&#8221;{}&#8221;]<\/p>\n<p style=\"text-align: center;\">El Mapa Ciclista re\u00fane la informaci\u00f3n necesaria para pedalear seguras y seguros. En \u00e9l podr\u00e1s encontrar: infraestructura ciclista, lugares tur\u00edsticos, sitios de emergencias m\u00e9dicas e informaci\u00f3n que puede ser muy \u00fatil para tus viajes en bici en Zapopan y Guadalajara.<\/p>\n<p style=\"text-align: center;\">\u00a1Gracias por subirte a la baica y rodar para tener un mundo mejor!<\/p>\n<p>[\/et_pb_text][\/et_pb_column][\/et_pb_row][\/et_pb_section][et_pb_section fb_built=&#8221;1&#8243; _builder_version=&#8221;4.18.1&#8243; _module_preset=&#8221;default&#8221; custom_padding=&#8221;0px||0px|||&#8221; custom_css_main_element=&#8221;font-family:&#8217;IsidoraMendium&#8217;!important;&#8221; global_colors_info=&#8221;{}&#8221;][et_pb_row _builder_version=&#8221;4.18.1&#8243; _module_preset=&#8221;default&#8221; global_colors_info=&#8221;{}&#8221;][et_pb_column type=&#8221;4_4&#8243; _builder_version=&#8221;4.18.0&#8243; _module_preset=&#8221;default&#8221; global_colors_info=&#8221;{}&#8221;][et_pb_text _builder_version=&#8221;4.23.1&#8243; _module_preset=&#8221;default&#8221; text_text_color=&#8221;#faba0f&#8221; text_font_size=&#8221;3.2em&#8221; text_line_height=&#8221;1.2em&#8221; custom_css_main_element=&#8221;font-family:&#8217;IsidoraMendium&#8217;!important;&#8221; global_colors_info=&#8221;{}&#8221;]<\/p>\n<p style=\"text-align: center;\">Mapa ciudades bicicleteras a favor de la movilidad sustentable<\/p>\n<p>[\/et_pb_text][\/et_pb_column][\/et_pb_row][\/et_pb_section][et_pb_section fb_built=&#8221;1&#8243; _builder_version=&#8221;4.19.5&#8243; _module_preset=&#8221;default&#8221; custom_padding=&#8221;0px|0px|0px|0px|true|true&#8221; global_colors_info=&#8221;{}&#8221;][et_pb_row _builder_version=&#8221;4.19.5&#8243; _module_preset=&#8221;default&#8221; global_colors_info=&#8221;{}&#8221;][et_pb_column type=&#8221;4_4&#8243; _builder_version=&#8221;4.19.5&#8243; _module_preset=&#8221;default&#8221; hover_enabled=&#8221;0&#8243; global_colors_info=&#8221;{}&#8221; sticky_enabled=&#8221;0&#8243;][et_pb_code _builder_version=&#8221;4.19.5&#8243; _module_preset=&#8221;default&#8221; width=&#8221;100%&#8221; global_colors_info=&#8221;{}&#8221;]<iframe loading=\"lazy\" src=\"https:\/\/www.google.com\/maps\/d\/embed?mid=1Q5gswCjP-ehGBc7h3anVcf6ekPs8GNg&#038;ehbc=2E312F\" width=\"100%\" height=\"680\"><\/iframe>[\/et_pb_code][\/et_pb_column][\/et_pb_row][\/et_pb_section][et_pb_section fb_built=&#8221;1&#8243; _builder_version=&#8221;4.18.0&#8243; _module_preset=&#8221;default&#8221; custom_padding=&#8221;0px||0px|||&#8221; global_colors_info=&#8221;{}&#8221;][et_pb_row _builder_version=&#8221;4.18.0&#8243; _module_preset=&#8221;default&#8221; custom_padding=&#8221;0px||0px|||&#8221; global_colors_info=&#8221;{}&#8221;][et_pb_column type=&#8221;4_4&#8243; _builder_version=&#8221;4.18.0&#8243; _module_preset=&#8221;default&#8221; hover_enabled=&#8221;0&#8243; global_colors_info=&#8221;{}&#8221; sticky_enabled=&#8221;0&#8243;][et_pb_code _builder_version=&#8221;4.23.1&#8243; _module_preset=&#8221;default&#8221; hover_enabled=&#8221;0&#8243; sticky_enabled=&#8221;0&#8243;]<iframe<!-- [et_pb_line_break_holder] -->  id=&#8221;mapazpngdl&#8221;<!-- [et_pb_line_break_holder] -->  title=&#8221;Mapa ciclista Zapopan-Guadalajara&#8221;<!-- [et_pb_line_break_holder] -->  width=&#8221;100%&#8221;<!-- [et_pb_line_break_holder] -->height=&#8221;780px&#8221;<!-- [et_pb_line_break_holder] -->  src=&#8221;https:\/\/portal.zapopan.gob.mx\/movilidad\/mapaciclista_zpngdl2.pdf&#8221;><!-- [et_pb_line_break_holder] --><\/iframe><!-- [et_pb_line_break_holder] -->[\/et_pb_code][\/et_pb_column][\/et_pb_row][\/et_pb_section][et_pb_section fb_built=&#8221;1&#8243; _builder_version=&#8221;4.18.0&#8243; _module_preset=&#8221;default&#8221; global_colors_info=&#8221;{}&#8221;][et_pb_row column_structure=&#8221;1_2,1_2&#8243; _builder_version=&#8221;4.18.0&#8243; _module_preset=&#8221;default&#8221; hover_enabled=&#8221;0&#8243; global_colors_info=&#8221;{}&#8221; sticky_enabled=&#8221;0&#8243; disabled_on=&#8221;on|on|on&#8221; disabled=&#8221;on&#8221;][et_pb_column type=&#8221;1_2&#8243; _builder_version=&#8221;4.18.0&#8243; _module_preset=&#8221;default&#8221; global_colors_info=&#8221;{}&#8221;][et_pb_button button_url=&#8221;https:\/\/luchadoresviales.zapopan.gob.mx\/?page_id=2326&#8243; button_text=&#8221;Mapa Zapopan&#8221; button_alignment=&#8221;center&#8221; _builder_version=&#8221;4.23.1&#8243; _module_preset=&#8221;default&#8221; custom_button=&#8221;on&#8221; button_text_size=&#8221;2.7em&#8221; button_text_color=&#8221;#FFFFFF&#8221; button_bg_color=&#8221;#000000&#8243; button_border_width=&#8221;0px&#8221; button_border_radius=&#8221;0px&#8221; button_font=&#8221;|700|||||||&#8221; button_use_icon=&#8221;off&#8221; custom_padding=&#8221;0px|6%|0px|6%|true|true&#8221; global_colors_info=&#8221;{}&#8221;][\/et_pb_button][\/et_pb_column][et_pb_column type=&#8221;1_2&#8243; _builder_version=&#8221;4.18.0&#8243; _module_preset=&#8221;default&#8221; global_colors_info=&#8221;{}&#8221;][et_pb_button button_url=&#8221;https:\/\/luchadoresviales.zapopan.gob.mx\/?page_id=2342&#8243; button_text=&#8221;Mapa Guadalajara&#8221; button_alignment=&#8221;center&#8221; _builder_version=&#8221;4.23.1&#8243; _module_preset=&#8221;default&#8221; custom_button=&#8221;on&#8221; button_text_size=&#8221;2.7em&#8221; button_text_color=&#8221;#FFFFFF&#8221; button_bg_color=&#8221;#000000&#8243; button_border_width=&#8221;0px&#8221; button_border_radius=&#8221;0px&#8221; button_font=&#8221;|700|||||||&#8221; button_use_icon=&#8221;off&#8221; custom_padding=&#8221;0px|6%|0px|6%|true|true&#8221; global_colors_info=&#8221;{}&#8221;][\/et_pb_button][\/et_pb_column][\/et_pb_row][\/et_pb_section]<\/p>\n","protected":false},"excerpt":{"rendered":"<p>El Mapa Ciclista re\u00fane la informaci\u00f3n necesaria para pedalear seguras y seguros. En \u00e9l podr\u00e1s encontrar: infraestructura ciclista, lugares tur\u00edsticos, sitios de emergencias m\u00e9dicas e informaci\u00f3n que puede ser muy \u00fatil para tus viajes en bici en Zapopan y Guadalajara. \u00a1Gracias por subirte a la baica y rodar para tener un mundo mejor!Mapa ciudades bicicleteras [&hellip;]<\/p>\n","protected":false},"author":2,"featured_media":0,"parent":0,"menu_order":0,"comment_status":"closed","ping_status":"closed","template":"","meta":{"_et_pb_use_builder":"on","_et_pb_old_content":"<!-- wp:divi\/placeholder \/-->","_et_gb_content_width":"","footnotes":""},"class_list":["post-2289","page","type-page","status-publish","hentry"],"_links":{"self":[{"href":"https:\/\/luchadoresviales.zapopan.gob.mx\/index.php?rest_route=\/wp\/v2\/pages\/2289","targetHints":{"allow":["GET"]}}],"collection":[{"href":"https:\/\/luchadoresviales.zapopan.gob.mx\/index.php?rest_route=\/wp\/v2\/pages"}],"about":[{"href":"https:\/\/luchadoresviales.zapopan.gob.mx\/index.php?rest_route=\/wp\/v2\/types\/page"}],"author":[{"embeddable":true,"href":"https:\/\/luchadoresviales.zapopan.gob.mx\/index.php?rest_route=\/wp\/v2\/users\/2"}],"replies":[{"embeddable":true,"href":"https:\/\/luchadoresviales.zapopan.gob.mx\/index.php?rest_route=%2Fwp%2Fv2%2Fcomments&post=2289"}],"version-history":[{"count":4,"href":"https:\/\/luchadoresviales.zapopan.gob.mx\/index.php?rest_route=\/wp\/v2\/pages\/2289\/revisions"}],"predecessor-version":[{"id":2798,"href":"https:\/\/luchadoresviales.zapopan.gob.mx\/index.php?rest_route=\/wp\/v2\/pages\/2289\/revisions\/2798"}],"wp:attachment":[{"href":"https:\/\/luchadoresviales.zapopan.gob.mx\/index.php?rest_route=%2Fwp%2Fv2%2Fmedia&parent=2289"}],"curies":[{"name":"wp","href":"https:\/\/api.w.org\/{rel}","templated":true}]}}